{"id":757,"date":"2025-06-23T21:18:36","date_gmt":"2025-06-23T19:18:36","guid":{"rendered":"https:\/\/heraresearcheu.eu\/fr\/?page_id=757"},"modified":"2025-06-23T21:18:36","modified_gmt":"2025-06-23T19:18:36","slug":"avertissement-medical","status":"publish","type":"page","link":"https:\/\/heraresearcheu.eu\/fr\/avertissement-medical\/","title":{"rendered":"Avertissement M\u00e9dical"},"content":{"rendered":"<h3 data-pm-slice=\"1 1 []\">Avertissement M\u00e9dical<\/h3>\n<p>Les contenus publi\u00e9s sur ce site n\u2019ont pas vocation \u00e0 fournir un diagnostic ou un traitement m\u00e9dical. Ils sont uniquement \u00e0 but informatif.<\/p>\n<p>Il est fortement recommand\u00e9 de consulter un m\u00e9decin ou un pharmacien avant toute prise de compl\u00e9ment ou de m\u00e9dicament mentionn\u00e9.<\/p>\n<p>Le site ne pr\u00e9sente aucun lien avec des \u00e9tablissements hospitaliers, universitaires ou de soins.<\/p>\n","protected":false},"excerpt":{"rendered":"<p>Avertissement M\u00e9dical Les contenus publi\u00e9s sur ce site n\u2019ont pas vocation \u00e0 fournir un diagnostic ou un traitement m\u00e9dical. Ils [&hellip;]<\/p>\n","protected":false},"author":1,"featured_media":0,"parent":0,"menu_order":0,"comment_status":"closed","ping_status":"closed","template":"","meta":{"site-sidebar-layout":"default","site-content-layout":"","ast-site-content-layout":"default","site-content-style":"default","site-sidebar-style":"default","ast-global-header-display":"","ast-banner-title-visibility":"","ast-main-header-display":"","ast-hfb-above-header-display":"","ast-hfb-below-header-display":"","ast-hfb-mobile-header-display":"","site-post-title":"","ast-breadcrumbs-content":"","ast-featured-img":"","footer-sml-layout":"","ast-disable-related-posts":"","theme-transparent-header-meta":"default","adv-header-id-meta":"","stick-header-meta":"","header-above-stick-meta":"","header-main-stick-meta":"","header-below-stick-meta":"","astra-migrate-meta-layouts":"set","ast-page-background-enabled":"default","ast-page-background-meta":{"desktop":{"background-color":"var(--ast-global-color-5)","background-image":"","background-repeat":"repeat","background-position":"center center","background-size":"auto","background-attachment":"scroll","background-type":"","background-media":"","overlay-type":"","overlay-color":"","overlay-opacity":"","overlay-gradient":""},"tablet":{"background-color":"","background-image":"","background-repeat":"repeat","background-position":"center center","background-size":"auto","background-attachment":"scroll","background-type":"","background-media":"","overlay-type":"","overlay-color":"","overlay-opacity":"","overlay-gradient":""},"mobile":{"background-color":"","background-image":"","background-repeat":"repeat","background-position":"center center","background-size":"auto","background-attachment":"scroll","background-type":"","background-media":"","overlay-type":"","overlay-color":"","overlay-opacity":"","overlay-gradient":""}},"ast-content-background-meta":{"desktop":{"background-color":"var(--ast-global-color-4)","background-image":"","background-repeat":"repeat","background-position":"center center","background-size":"auto","background-attachment":"scroll","background-type":"","background-media":"","overlay-type":"","overlay-color":"","overlay-opacity":"","overlay-gradient":""},"tablet":{"background-color":"var(--ast-global-color-4)","background-image":"","background-repeat":"repeat","background-position":"center center","background-size":"auto","background-attachment":"scroll","background-type":"","background-media":"","overlay-type":"","overlay-color":"","overlay-opacity":"","overlay-gradient":""},"mobile":{"background-color":"var(--ast-global-color-4)","background-image":"","background-repeat":"repeat","background-position":"center center","background-size":"auto","background-attachment":"scroll","background-type":"","background-media":"","overlay-type":"","overlay-color":"","overlay-opacity":"","overlay-gradient":""}},"footnotes":""},"class_list":["post-757","page","type-page","status-publish","hentry"],"yoast_head":"<!-- This site is optimized with the Yoast SEO plugin v27.3 - https:\/\/yoast.com\/product\/yoast-seo-wordpress\/ -->\n<title>Avertissement M\u00e9dical - Pharmacie HERA<\/title>\n<meta name=\"robots\" content=\"index, follow, max-snippet:-1, max-image-preview:large, max-video-preview:-1\" \/>\n<link rel=\"canonical\" href=\"https:\/\/heraresearcheu.eu\/fr\/avertissement-medical\/\" \/>\n<meta property=\"og:locale\" content=\"fr_FR\" \/>\n<meta property=\"og:type\" content=\"article\" \/>\n<meta property=\"og:title\" content=\"Avertissement M\u00e9dical - Pharmacie HERA\" \/>\n<meta property=\"og:description\" content=\"Avertissement M\u00e9dical Les contenus publi\u00e9s sur ce site n\u2019ont pas vocation \u00e0 fournir un diagnostic ou un traitement m\u00e9dical. Ils [&hellip;]\" \/>\n<meta property=\"og:url\" content=\"https:\/\/heraresearcheu.eu\/fr\/avertissement-medical\/\" \/>\n<meta property=\"og:site_name\" content=\"Pharmacie HERA\" \/>\n<meta name=\"twitter:card\" content=\"summary_large_image\" \/>\n<meta name=\"twitter:label1\" content=\"Dur\u00e9e de lecture estim\u00e9e\" \/>\n\t<meta name=\"twitter:data1\" content=\"1 minute\" \/>\n<script type=\"application\/ld+json\" class=\"yoast-schema-graph\">{\"@context\":\"https:\\\/\\\/schema.org\",\"@graph\":[{\"@type\":\"WebPage\",\"@id\":\"https:\\\/\\\/heraresearcheu.eu\\\/fr\\\/avertissement-medical\\\/\",\"url\":\"https:\\\/\\\/heraresearcheu.eu\\\/fr\\\/avertissement-medical\\\/\",\"name\":\"Avertissement M\u00e9dical - Pharmacie HERA\",\"isPartOf\":{\"@id\":\"https:\\\/\\\/heraresearcheu.eu\\\/fr\\\/#website\"},\"datePublished\":\"2025-06-23T19:18:36+00:00\",\"breadcrumb\":{\"@id\":\"https:\\\/\\\/heraresearcheu.eu\\\/fr\\\/avertissement-medical\\\/#breadcrumb\"},\"inLanguage\":\"fr-FR\",\"potentialAction\":[{\"@type\":\"ReadAction\",\"target\":[\"https:\\\/\\\/heraresearcheu.eu\\\/fr\\\/avertissement-medical\\\/\"]}]},{\"@type\":\"BreadcrumbList\",\"@id\":\"https:\\\/\\\/heraresearcheu.eu\\\/fr\\\/avertissement-medical\\\/#breadcrumb\",\"itemListElement\":[{\"@type\":\"ListItem\",\"position\":1,\"name\":\"\u0413\u043b\u0430\u0432\u043d\u0430\u044f \u0441\u0442\u0440\u0430\u043d\u0438\u0446\u0430\",\"item\":\"https:\\\/\\\/heraresearcheu.eu\\\/fr\\\/\"},{\"@type\":\"ListItem\",\"position\":2,\"name\":\"Avertissement M\u00e9dical\"}]},{\"@type\":\"WebSite\",\"@id\":\"https:\\\/\\\/heraresearcheu.eu\\\/fr\\\/#website\",\"url\":\"https:\\\/\\\/heraresearcheu.eu\\\/fr\\\/\",\"name\":\"Pharmacie HERA\",\"description\":\"\",\"potentialAction\":[{\"@type\":\"SearchAction\",\"target\":{\"@type\":\"EntryPoint\",\"urlTemplate\":\"https:\\\/\\\/heraresearcheu.eu\\\/fr\\\/?s={search_term_string}\"},\"query-input\":{\"@type\":\"PropertyValueSpecification\",\"valueRequired\":true,\"valueName\":\"search_term_string\"}}],\"inLanguage\":\"fr-FR\"}]}<\/script>\n<!-- \/ Yoast SEO plugin. -->","yoast_head_json":{"title":"Avertissement M\u00e9dical - Pharmacie HERA","robots":{"index":"index","follow":"follow","max-snippet":"max-snippet:-1","max-image-preview":"max-image-preview:large","max-video-preview":"max-video-preview:-1"},"canonical":"https:\/\/heraresearcheu.eu\/fr\/avertissement-medical\/","og_locale":"fr_FR","og_type":"article","og_title":"Avertissement M\u00e9dical - Pharmacie HERA","og_description":"Avertissement M\u00e9dical Les contenus publi\u00e9s sur ce site n\u2019ont pas vocation \u00e0 fournir un diagnostic ou un traitement m\u00e9dical. Ils [&hellip;]","og_url":"https:\/\/heraresearcheu.eu\/fr\/avertissement-medical\/","og_site_name":"Pharmacie HERA","twitter_card":"summary_large_image","twitter_misc":{"Dur\u00e9e de lecture estim\u00e9e":"1 minute"},"schema":{"@context":"https:\/\/schema.org","@graph":[{"@type":"WebPage","@id":"https:\/\/heraresearcheu.eu\/fr\/avertissement-medical\/","url":"https:\/\/heraresearcheu.eu\/fr\/avertissement-medical\/","name":"Avertissement M\u00e9dical - Pharmacie HERA","isPartOf":{"@id":"https:\/\/heraresearcheu.eu\/fr\/#website"},"datePublished":"2025-06-23T19:18:36+00:00","breadcrumb":{"@id":"https:\/\/heraresearcheu.eu\/fr\/avertissement-medical\/#breadcrumb"},"inLanguage":"fr-FR","potentialAction":[{"@type":"ReadAction","target":["https:\/\/heraresearcheu.eu\/fr\/avertissement-medical\/"]}]},{"@type":"BreadcrumbList","@id":"https:\/\/heraresearcheu.eu\/fr\/avertissement-medical\/#breadcrumb","itemListElement":[{"@type":"ListItem","position":1,"name":"\u0413\u043b\u0430\u0432\u043d\u0430\u044f \u0441\u0442\u0440\u0430\u043d\u0438\u0446\u0430","item":"https:\/\/heraresearcheu.eu\/fr\/"},{"@type":"ListItem","position":2,"name":"Avertissement M\u00e9dical"}]},{"@type":"WebSite","@id":"https:\/\/heraresearcheu.eu\/fr\/#website","url":"https:\/\/heraresearcheu.eu\/fr\/","name":"Pharmacie HERA","description":"","potentialAction":[{"@type":"SearchAction","target":{"@type":"EntryPoint","urlTemplate":"https:\/\/heraresearcheu.eu\/fr\/?s={search_term_string}"},"query-input":{"@type":"PropertyValueSpecification","valueRequired":true,"valueName":"search_term_string"}}],"inLanguage":"fr-FR"}]}},"_links":{"self":[{"href":"https:\/\/heraresearcheu.eu\/fr\/wp-json\/wp\/v2\/pages\/757","targetHints":{"allow":["GET"]}}],"collection":[{"href":"https:\/\/heraresearcheu.eu\/fr\/wp-json\/wp\/v2\/pages"}],"about":[{"href":"https:\/\/heraresearcheu.eu\/fr\/wp-json\/wp\/v2\/types\/page"}],"author":[{"embeddable":true,"href":"https:\/\/heraresearcheu.eu\/fr\/wp-json\/wp\/v2\/users\/1"}],"replies":[{"embeddable":true,"href":"https:\/\/heraresearcheu.eu\/fr\/wp-json\/wp\/v2\/comments?post=757"}],"version-history":[{"count":1,"href":"https:\/\/heraresearcheu.eu\/fr\/wp-json\/wp\/v2\/pages\/757\/revisions"}],"predecessor-version":[{"id":758,"href":"https:\/\/heraresearcheu.eu\/fr\/wp-json\/wp\/v2\/pages\/757\/revisions\/758"}],"wp:attachment":[{"href":"https:\/\/heraresearcheu.eu\/fr\/wp-json\/wp\/v2\/media?parent=757"}],"curies":[{"name":"wp","href":"https:\/\/api.w.org\/{rel}","templated":true}]}}