{"id":755,"date":"2025-06-23T21:18:15","date_gmt":"2025-06-23T19:18:15","guid":{"rendered":"https:\/\/heraresearcheu.eu\/fr\/?page_id=755"},"modified":"2025-06-23T21:47:03","modified_gmt":"2025-06-23T19:47:03","slug":"conditions-utilisation","status":"publish","type":"page","link":"https:\/\/heraresearcheu.eu\/fr\/conditions-utilisation\/","title":{"rendered":"Conditions G\u00e9n\u00e9rales d\u2019Utilisation (CGU)"},"content":{"rendered":"<h3 data-pm-slice=\"1 1 []\">Conditions G\u00e9n\u00e9rales d\u2019Utilisation (CGU)<\/h3>\n<p><strong>Nature du site :<\/strong> Ce site est un portail informatif pr\u00e9sentant des produits commercialis\u00e9s par des tiers. Aucun achat ni transaction n\u2019est r\u00e9alis\u00e9 sur le site.<\/p>\n<p><strong>Absence de pharmacie physique :<\/strong> Le site n\u2019est affili\u00e9 \u00e0 aucune pharmacie physique en France ou ailleurs. Il n\u2019effectue aucune activit\u00e9 r\u00e9glement\u00e9e de dispensation m\u00e9dicamenteuse.<\/p>\n<p><strong>Bouton \u00ab\u00a0Commander\u00a0\u00bb :<\/strong> Le bouton \u00ab\u00a0Commander\u00a0\u00bb pr\u00e9sent sur les pages produits redirige l\u2019utilisateur vers le <strong>site officiel du fabricant ou du distributeur<\/strong>. Ce site ne g\u00e8re aucune commande, paiement, ni collecte de donn\u00e9es personnelles \u00e0 des fins commerciales.<\/p>\n<p><strong>Responsabilit\u00e9 :<\/strong> Le site d\u00e9cline toute responsabilit\u00e9 pour les contenus, politiques ou actions des sites tiers accessibles via des liens.<\/p>\n<p><strong>Utilisation du contenu :<\/strong> Les informations fournies ont une finalit\u00e9 exclusivement informative et ne remplacent pas l\u2019avis d\u2019un professionnel de sant\u00e9.<\/p>\n","protected":false},"excerpt":{"rendered":"<p>Conditions G\u00e9n\u00e9rales d\u2019Utilisation (CGU) Nature du site : Ce site est un portail informatif pr\u00e9sentant des produits commercialis\u00e9s par des [&hellip;]<\/p>\n","protected":false},"author":1,"featured_media":0,"parent":0,"menu_order":0,"comment_status":"closed","ping_status":"closed","template":"","meta":{"site-sidebar-layout":"default","site-content-layout":"","ast-site-content-layout":"default","site-content-style":"default","site-sidebar-style":"default","ast-global-header-display":"","ast-banner-title-visibility":"","ast-main-header-display":"","ast-hfb-above-header-display":"","ast-hfb-below-header-display":"","ast-hfb-mobile-header-display":"","site-post-title":"","ast-breadcrumbs-content":"","ast-featured-img":"","footer-sml-layout":"","ast-disable-related-posts":"","theme-transparent-header-meta":"default","adv-header-id-meta":"","stick-header-meta":"","header-above-stick-meta":"","header-main-stick-meta":"","header-below-stick-meta":"","astra-migrate-meta-layouts":"set","ast-page-background-enabled":"default","ast-page-background-meta":{"desktop":{"background-color":"var(--ast-global-color-5)","background-image":"","background-repeat":"repeat","background-position":"center center","background-size":"auto","background-attachment":"scroll","background-type":"","background-media":"","overlay-type":"","overlay-color":"","overlay-opacity":"","overlay-gradient":""},"tablet":{"background-color":"","background-image":"","background-repeat":"repeat","background-position":"center center","background-size":"auto","background-attachment":"scroll","background-type":"","background-media":"","overlay-type":"","overlay-color":"","overlay-opacity":"","overlay-gradient":""},"mobile":{"background-color":"","background-image":"","background-repeat":"repeat","background-position":"center center","background-size":"auto","background-attachment":"scroll","background-type":"","background-media":"","overlay-type":"","overlay-color":"","overlay-opacity":"","overlay-gradient":""}},"ast-content-background-meta":{"desktop":{"background-color":"var(--ast-global-color-4)","background-image":"","background-repeat":"repeat","background-position":"center center","background-size":"auto","background-attachment":"scroll","background-type":"","background-media":"","overlay-type":"","overlay-color":"","overlay-opacity":"","overlay-gradient":""},"tablet":{"background-color":"var(--ast-global-color-4)","background-image":"","background-repeat":"repeat","background-position":"center center","background-size":"auto","background-attachment":"scroll","background-type":"","background-media":"","overlay-type":"","overlay-color":"","overlay-opacity":"","overlay-gradient":""},"mobile":{"background-color":"var(--ast-global-color-4)","background-image":"","background-repeat":"repeat","background-position":"center center","background-size":"auto","background-attachment":"scroll","background-type":"","background-media":"","overlay-type":"","overlay-color":"","overlay-opacity":"","overlay-gradient":""}},"footnotes":""},"class_list":["post-755","page","type-page","status-publish","hentry"],"yoast_head":"<!-- This site is optimized with the Yoast SEO plugin v27.3 - https:\/\/yoast.com\/product\/yoast-seo-wordpress\/ -->\n<title>Conditions G\u00e9n\u00e9rales d\u2019Utilisation (CGU) - Pharmacie HERA<\/title>\n<meta name=\"robots\" content=\"index, follow, max-snippet:-1, max-image-preview:large, max-video-preview:-1\" \/>\n<link rel=\"canonical\" href=\"https:\/\/heraresearcheu.eu\/fr\/conditions-utilisation\/\" \/>\n<meta property=\"og:locale\" content=\"fr_FR\" \/>\n<meta property=\"og:type\" content=\"article\" \/>\n<meta property=\"og:title\" content=\"Conditions G\u00e9n\u00e9rales d\u2019Utilisation (CGU) - Pharmacie HERA\" \/>\n<meta property=\"og:description\" content=\"Conditions G\u00e9n\u00e9rales d\u2019Utilisation (CGU) Nature du site : Ce site est un portail informatif pr\u00e9sentant des produits commercialis\u00e9s par des [&hellip;]\" \/>\n<meta property=\"og:url\" content=\"https:\/\/heraresearcheu.eu\/fr\/conditions-utilisation\/\" \/>\n<meta property=\"og:site_name\" content=\"Pharmacie HERA\" \/>\n<meta property=\"article:modified_time\" content=\"2025-06-23T19:47:03+00:00\" \/>\n<meta name=\"twitter:card\" content=\"summary_large_image\" \/>\n<meta name=\"twitter:label1\" content=\"Dur\u00e9e de lecture estim\u00e9e\" \/>\n\t<meta name=\"twitter:data1\" content=\"1 minute\" \/>\n<script type=\"application\/ld+json\" class=\"yoast-schema-graph\">{\"@context\":\"https:\\\/\\\/schema.org\",\"@graph\":[{\"@type\":\"WebPage\",\"@id\":\"https:\\\/\\\/heraresearcheu.eu\\\/fr\\\/conditions-utilisation\\\/\",\"url\":\"https:\\\/\\\/heraresearcheu.eu\\\/fr\\\/conditions-utilisation\\\/\",\"name\":\"Conditions G\u00e9n\u00e9rales d\u2019Utilisation (CGU) - Pharmacie HERA\",\"isPartOf\":{\"@id\":\"https:\\\/\\\/heraresearcheu.eu\\\/fr\\\/#website\"},\"datePublished\":\"2025-06-23T19:18:15+00:00\",\"dateModified\":\"2025-06-23T19:47:03+00:00\",\"breadcrumb\":{\"@id\":\"https:\\\/\\\/heraresearcheu.eu\\\/fr\\\/conditions-utilisation\\\/#breadcrumb\"},\"inLanguage\":\"fr-FR\",\"potentialAction\":[{\"@type\":\"ReadAction\",\"target\":[\"https:\\\/\\\/heraresearcheu.eu\\\/fr\\\/conditions-utilisation\\\/\"]}]},{\"@type\":\"BreadcrumbList\",\"@id\":\"https:\\\/\\\/heraresearcheu.eu\\\/fr\\\/conditions-utilisation\\\/#breadcrumb\",\"itemListElement\":[{\"@type\":\"ListItem\",\"position\":1,\"name\":\"\u0413\u043b\u0430\u0432\u043d\u0430\u044f \u0441\u0442\u0440\u0430\u043d\u0438\u0446\u0430\",\"item\":\"https:\\\/\\\/heraresearcheu.eu\\\/fr\\\/\"},{\"@type\":\"ListItem\",\"position\":2,\"name\":\"Conditions G\u00e9n\u00e9rales d\u2019Utilisation (CGU)\"}]},{\"@type\":\"WebSite\",\"@id\":\"https:\\\/\\\/heraresearcheu.eu\\\/fr\\\/#website\",\"url\":\"https:\\\/\\\/heraresearcheu.eu\\\/fr\\\/\",\"name\":\"Pharmacie HERA\",\"description\":\"\",\"potentialAction\":[{\"@type\":\"SearchAction\",\"target\":{\"@type\":\"EntryPoint\",\"urlTemplate\":\"https:\\\/\\\/heraresearcheu.eu\\\/fr\\\/?s={search_term_string}\"},\"query-input\":{\"@type\":\"PropertyValueSpecification\",\"valueRequired\":true,\"valueName\":\"search_term_string\"}}],\"inLanguage\":\"fr-FR\"}]}<\/script>\n<!-- \/ Yoast SEO plugin. -->","yoast_head_json":{"title":"Conditions G\u00e9n\u00e9rales d\u2019Utilisation (CGU) - Pharmacie HERA","robots":{"index":"index","follow":"follow","max-snippet":"max-snippet:-1","max-image-preview":"max-image-preview:large","max-video-preview":"max-video-preview:-1"},"canonical":"https:\/\/heraresearcheu.eu\/fr\/conditions-utilisation\/","og_locale":"fr_FR","og_type":"article","og_title":"Conditions G\u00e9n\u00e9rales d\u2019Utilisation (CGU) - Pharmacie HERA","og_description":"Conditions G\u00e9n\u00e9rales d\u2019Utilisation (CGU) Nature du site : Ce site est un portail informatif pr\u00e9sentant des produits commercialis\u00e9s par des [&hellip;]","og_url":"https:\/\/heraresearcheu.eu\/fr\/conditions-utilisation\/","og_site_name":"Pharmacie HERA","article_modified_time":"2025-06-23T19:47:03+00:00","twitter_card":"summary_large_image","twitter_misc":{"Dur\u00e9e de lecture estim\u00e9e":"1 minute"},"schema":{"@context":"https:\/\/schema.org","@graph":[{"@type":"WebPage","@id":"https:\/\/heraresearcheu.eu\/fr\/conditions-utilisation\/","url":"https:\/\/heraresearcheu.eu\/fr\/conditions-utilisation\/","name":"Conditions G\u00e9n\u00e9rales d\u2019Utilisation (CGU) - Pharmacie HERA","isPartOf":{"@id":"https:\/\/heraresearcheu.eu\/fr\/#website"},"datePublished":"2025-06-23T19:18:15+00:00","dateModified":"2025-06-23T19:47:03+00:00","breadcrumb":{"@id":"https:\/\/heraresearcheu.eu\/fr\/conditions-utilisation\/#breadcrumb"},"inLanguage":"fr-FR","potentialAction":[{"@type":"ReadAction","target":["https:\/\/heraresearcheu.eu\/fr\/conditions-utilisation\/"]}]},{"@type":"BreadcrumbList","@id":"https:\/\/heraresearcheu.eu\/fr\/conditions-utilisation\/#breadcrumb","itemListElement":[{"@type":"ListItem","position":1,"name":"\u0413\u043b\u0430\u0432\u043d\u0430\u044f \u0441\u0442\u0440\u0430\u043d\u0438\u0446\u0430","item":"https:\/\/heraresearcheu.eu\/fr\/"},{"@type":"ListItem","position":2,"name":"Conditions G\u00e9n\u00e9rales d\u2019Utilisation (CGU)"}]},{"@type":"WebSite","@id":"https:\/\/heraresearcheu.eu\/fr\/#website","url":"https:\/\/heraresearcheu.eu\/fr\/","name":"Pharmacie HERA","description":"","potentialAction":[{"@type":"SearchAction","target":{"@type":"EntryPoint","urlTemplate":"https:\/\/heraresearcheu.eu\/fr\/?s={search_term_string}"},"query-input":{"@type":"PropertyValueSpecification","valueRequired":true,"valueName":"search_term_string"}}],"inLanguage":"fr-FR"}]}},"_links":{"self":[{"href":"https:\/\/heraresearcheu.eu\/fr\/wp-json\/wp\/v2\/pages\/755","targetHints":{"allow":["GET"]}}],"collection":[{"href":"https:\/\/heraresearcheu.eu\/fr\/wp-json\/wp\/v2\/pages"}],"about":[{"href":"https:\/\/heraresearcheu.eu\/fr\/wp-json\/wp\/v2\/types\/page"}],"author":[{"embeddable":true,"href":"https:\/\/heraresearcheu.eu\/fr\/wp-json\/wp\/v2\/users\/1"}],"replies":[{"embeddable":true,"href":"https:\/\/heraresearcheu.eu\/fr\/wp-json\/wp\/v2\/comments?post=755"}],"version-history":[{"count":1,"href":"https:\/\/heraresearcheu.eu\/fr\/wp-json\/wp\/v2\/pages\/755\/revisions"}],"predecessor-version":[{"id":756,"href":"https:\/\/heraresearcheu.eu\/fr\/wp-json\/wp\/v2\/pages\/755\/revisions\/756"}],"wp:attachment":[{"href":"https:\/\/heraresearcheu.eu\/fr\/wp-json\/wp\/v2\/media?parent=755"}],"curies":[{"name":"wp","href":"https:\/\/api.w.org\/{rel}","templated":true}]}}