{"id":751,"date":"2025-06-23T21:15:56","date_gmt":"2025-06-23T19:15:56","guid":{"rendered":"https:\/\/heraresearcheu.eu\/fr\/?page_id=751"},"modified":"2025-06-23T21:15:56","modified_gmt":"2025-06-23T19:15:56","slug":"politique-de-confidentialite","status":"publish","type":"page","link":"https:\/\/heraresearcheu.eu\/fr\/politique-de-confidentialite\/","title":{"rendered":"Politique de Confidentialit\u00e9"},"content":{"rendered":"<h3 data-pm-slice=\"1 1 []\">Politique de Confidentialit\u00e9<\/h3>\n<p><strong>Responsable du traitement :<\/strong> Ce site est g\u00e9r\u00e9 par un exploitant priv\u00e9. Il ne vend aucun produit directement, ne propose pas de service de conseil m\u00e9dical, et ne repr\u00e9sente pas une pharmacie physique. Il n&rsquo;existe <strong>aucune pharmacie physique HERA<\/strong> associ\u00e9e \u00e0 ce site.<\/p>\n<p><strong>Donn\u00e9es collect\u00e9es :<\/strong> Le site collecte uniquement des donn\u00e9es techniques anonymes (cookies techniques et statistiques) dans le but d&rsquo;am\u00e9liorer l&rsquo;exp\u00e9rience utilisateur. Aucune donn\u00e9e de sant\u00e9 ni donn\u00e9e personnelle identifiable n&rsquo;est collect\u00e9e.<\/p>\n<p><strong>Finalit\u00e9 du traitement :<\/strong><\/p>\n<ul data-spread=\"false\">\n<li>Analyse de performance et s\u00e9curit\u00e9 du site;<\/li>\n<li>Statistiques de navigation;<\/li>\n<li>Am\u00e9lioration de la qualit\u00e9 du contenu.<\/li>\n<\/ul>\n<p><strong>Base juridique :<\/strong> Int\u00e9r\u00eat l\u00e9gitime du responsable de traitement.<\/p>\n<p><strong>Sous-traitants :<\/strong> Le site peut utiliser des services tiers d\u2019h\u00e9bergement ou d\u2019analyse web, conformes au RGPD.<\/p>\n<p><strong>Droits des utilisateurs :<\/strong> Conform\u00e9ment au R\u00e8glement (UE) 2016\/679, tout utilisateur peut demander l\u2019acc\u00e8s, la rectification ou la suppression de ses donn\u00e9es, en contactant l\u2019adresse indiqu\u00e9e dans la section \u00ab\u00a0Contact\u00a0\u00bb.<\/p>\n","protected":false},"excerpt":{"rendered":"<p>Politique de Confidentialit\u00e9 Responsable du traitement : Ce site est g\u00e9r\u00e9 par un exploitant priv\u00e9. Il ne vend aucun produit [&hellip;]<\/p>\n","protected":false},"author":1,"featured_media":0,"parent":0,"menu_order":0,"comment_status":"closed","ping_status":"closed","template":"","meta":{"site-sidebar-layout":"default","site-content-layout":"","ast-site-content-layout":"default","site-content-style":"default","site-sidebar-style":"default","ast-global-header-display":"","ast-banner-title-visibility":"","ast-main-header-display":"","ast-hfb-above-header-display":"","ast-hfb-below-header-display":"","ast-hfb-mobile-header-display":"","site-post-title":"","ast-breadcrumbs-content":"","ast-featured-img":"","footer-sml-layout":"","ast-disable-related-posts":"","theme-transparent-header-meta":"default","adv-header-id-meta":"","stick-header-meta":"","header-above-stick-meta":"","header-main-stick-meta":"","header-below-stick-meta":"","astra-migrate-meta-layouts":"set","ast-page-background-enabled":"default","ast-page-background-meta":{"desktop":{"background-color":"var(--ast-global-color-5)","background-image":"","background-repeat":"repeat","background-position":"center center","background-size":"auto","background-attachment":"scroll","background-type":"","background-media":"","overlay-type":"","overlay-color":"","overlay-opacity":"","overlay-gradient":""},"tablet":{"background-color":"","background-image":"","background-repeat":"repeat","background-position":"center center","background-size":"auto","background-attachment":"scroll","background-type":"","background-media":"","overlay-type":"","overlay-color":"","overlay-opacity":"","overlay-gradient":""},"mobile":{"background-color":"","background-image":"","background-repeat":"repeat","background-position":"center center","background-size":"auto","background-attachment":"scroll","background-type":"","background-media":"","overlay-type":"","overlay-color":"","overlay-opacity":"","overlay-gradient":""}},"ast-content-background-meta":{"desktop":{"background-color":"var(--ast-global-color-4)","background-image":"","background-repeat":"repeat","background-position":"center center","background-size":"auto","background-attachment":"scroll","background-type":"","background-media":"","overlay-type":"","overlay-color":"","overlay-opacity":"","overlay-gradient":""},"tablet":{"background-color":"var(--ast-global-color-4)","background-image":"","background-repeat":"repeat","background-position":"center center","background-size":"auto","background-attachment":"scroll","background-type":"","background-media":"","overlay-type":"","overlay-color":"","overlay-opacity":"","overlay-gradient":""},"mobile":{"background-color":"var(--ast-global-color-4)","background-image":"","background-repeat":"repeat","background-position":"center center","background-size":"auto","background-attachment":"scroll","background-type":"","background-media":"","overlay-type":"","overlay-color":"","overlay-opacity":"","overlay-gradient":""}},"footnotes":""},"class_list":["post-751","page","type-page","status-publish","hentry"],"yoast_head":"<!-- This site is optimized with the Yoast SEO plugin v27.3 - https:\/\/yoast.com\/product\/yoast-seo-wordpress\/ -->\n<title>Politique de Confidentialit\u00e9 - Pharmacie HERA<\/title>\n<meta name=\"robots\" content=\"index, follow, max-snippet:-1, max-image-preview:large, max-video-preview:-1\" \/>\n<link rel=\"canonical\" href=\"https:\/\/heraresearcheu.eu\/fr\/politique-de-confidentialite\/\" \/>\n<meta property=\"og:locale\" content=\"fr_FR\" \/>\n<meta property=\"og:type\" content=\"article\" \/>\n<meta property=\"og:title\" content=\"Politique de Confidentialit\u00e9 - Pharmacie HERA\" \/>\n<meta property=\"og:description\" content=\"Politique de Confidentialit\u00e9 Responsable du traitement : Ce site est g\u00e9r\u00e9 par un exploitant priv\u00e9. Il ne vend aucun produit [&hellip;]\" \/>\n<meta property=\"og:url\" content=\"https:\/\/heraresearcheu.eu\/fr\/politique-de-confidentialite\/\" \/>\n<meta property=\"og:site_name\" content=\"Pharmacie HERA\" \/>\n<meta name=\"twitter:card\" content=\"summary_large_image\" \/>\n<meta name=\"twitter:label1\" content=\"Dur\u00e9e de lecture estim\u00e9e\" \/>\n\t<meta name=\"twitter:data1\" content=\"1 minute\" \/>\n<script type=\"application\/ld+json\" class=\"yoast-schema-graph\">{\"@context\":\"https:\\\/\\\/schema.org\",\"@graph\":[{\"@type\":\"WebPage\",\"@id\":\"https:\\\/\\\/heraresearcheu.eu\\\/fr\\\/politique-de-confidentialite\\\/\",\"url\":\"https:\\\/\\\/heraresearcheu.eu\\\/fr\\\/politique-de-confidentialite\\\/\",\"name\":\"Politique de Confidentialit\u00e9 - Pharmacie HERA\",\"isPartOf\":{\"@id\":\"https:\\\/\\\/heraresearcheu.eu\\\/fr\\\/#website\"},\"datePublished\":\"2025-06-23T19:15:56+00:00\",\"breadcrumb\":{\"@id\":\"https:\\\/\\\/heraresearcheu.eu\\\/fr\\\/politique-de-confidentialite\\\/#breadcrumb\"},\"inLanguage\":\"fr-FR\",\"potentialAction\":[{\"@type\":\"ReadAction\",\"target\":[\"https:\\\/\\\/heraresearcheu.eu\\\/fr\\\/politique-de-confidentialite\\\/\"]}]},{\"@type\":\"BreadcrumbList\",\"@id\":\"https:\\\/\\\/heraresearcheu.eu\\\/fr\\\/politique-de-confidentialite\\\/#breadcrumb\",\"itemListElement\":[{\"@type\":\"ListItem\",\"position\":1,\"name\":\"\u0413\u043b\u0430\u0432\u043d\u0430\u044f \u0441\u0442\u0440\u0430\u043d\u0438\u0446\u0430\",\"item\":\"https:\\\/\\\/heraresearcheu.eu\\\/fr\\\/\"},{\"@type\":\"ListItem\",\"position\":2,\"name\":\"Politique de Confidentialit\u00e9\"}]},{\"@type\":\"WebSite\",\"@id\":\"https:\\\/\\\/heraresearcheu.eu\\\/fr\\\/#website\",\"url\":\"https:\\\/\\\/heraresearcheu.eu\\\/fr\\\/\",\"name\":\"Pharmacie HERA\",\"description\":\"\",\"potentialAction\":[{\"@type\":\"SearchAction\",\"target\":{\"@type\":\"EntryPoint\",\"urlTemplate\":\"https:\\\/\\\/heraresearcheu.eu\\\/fr\\\/?s={search_term_string}\"},\"query-input\":{\"@type\":\"PropertyValueSpecification\",\"valueRequired\":true,\"valueName\":\"search_term_string\"}}],\"inLanguage\":\"fr-FR\"}]}<\/script>\n<!-- \/ Yoast SEO plugin. -->","yoast_head_json":{"title":"Politique de Confidentialit\u00e9 - Pharmacie HERA","robots":{"index":"index","follow":"follow","max-snippet":"max-snippet:-1","max-image-preview":"max-image-preview:large","max-video-preview":"max-video-preview:-1"},"canonical":"https:\/\/heraresearcheu.eu\/fr\/politique-de-confidentialite\/","og_locale":"fr_FR","og_type":"article","og_title":"Politique de Confidentialit\u00e9 - Pharmacie HERA","og_description":"Politique de Confidentialit\u00e9 Responsable du traitement : Ce site est g\u00e9r\u00e9 par un exploitant priv\u00e9. Il ne vend aucun produit [&hellip;]","og_url":"https:\/\/heraresearcheu.eu\/fr\/politique-de-confidentialite\/","og_site_name":"Pharmacie HERA","twitter_card":"summary_large_image","twitter_misc":{"Dur\u00e9e de lecture estim\u00e9e":"1 minute"},"schema":{"@context":"https:\/\/schema.org","@graph":[{"@type":"WebPage","@id":"https:\/\/heraresearcheu.eu\/fr\/politique-de-confidentialite\/","url":"https:\/\/heraresearcheu.eu\/fr\/politique-de-confidentialite\/","name":"Politique de Confidentialit\u00e9 - Pharmacie HERA","isPartOf":{"@id":"https:\/\/heraresearcheu.eu\/fr\/#website"},"datePublished":"2025-06-23T19:15:56+00:00","breadcrumb":{"@id":"https:\/\/heraresearcheu.eu\/fr\/politique-de-confidentialite\/#breadcrumb"},"inLanguage":"fr-FR","potentialAction":[{"@type":"ReadAction","target":["https:\/\/heraresearcheu.eu\/fr\/politique-de-confidentialite\/"]}]},{"@type":"BreadcrumbList","@id":"https:\/\/heraresearcheu.eu\/fr\/politique-de-confidentialite\/#breadcrumb","itemListElement":[{"@type":"ListItem","position":1,"name":"\u0413\u043b\u0430\u0432\u043d\u0430\u044f \u0441\u0442\u0440\u0430\u043d\u0438\u0446\u0430","item":"https:\/\/heraresearcheu.eu\/fr\/"},{"@type":"ListItem","position":2,"name":"Politique de Confidentialit\u00e9"}]},{"@type":"WebSite","@id":"https:\/\/heraresearcheu.eu\/fr\/#website","url":"https:\/\/heraresearcheu.eu\/fr\/","name":"Pharmacie HERA","description":"","potentialAction":[{"@type":"SearchAction","target":{"@type":"EntryPoint","urlTemplate":"https:\/\/heraresearcheu.eu\/fr\/?s={search_term_string}"},"query-input":{"@type":"PropertyValueSpecification","valueRequired":true,"valueName":"search_term_string"}}],"inLanguage":"fr-FR"}]}},"_links":{"self":[{"href":"https:\/\/heraresearcheu.eu\/fr\/wp-json\/wp\/v2\/pages\/751","targetHints":{"allow":["GET"]}}],"collection":[{"href":"https:\/\/heraresearcheu.eu\/fr\/wp-json\/wp\/v2\/pages"}],"about":[{"href":"https:\/\/heraresearcheu.eu\/fr\/wp-json\/wp\/v2\/types\/page"}],"author":[{"embeddable":true,"href":"https:\/\/heraresearcheu.eu\/fr\/wp-json\/wp\/v2\/users\/1"}],"replies":[{"embeddable":true,"href":"https:\/\/heraresearcheu.eu\/fr\/wp-json\/wp\/v2\/comments?post=751"}],"version-history":[{"count":1,"href":"https:\/\/heraresearcheu.eu\/fr\/wp-json\/wp\/v2\/pages\/751\/revisions"}],"predecessor-version":[{"id":752,"href":"https:\/\/heraresearcheu.eu\/fr\/wp-json\/wp\/v2\/pages\/751\/revisions\/752"}],"wp:attachment":[{"href":"https:\/\/heraresearcheu.eu\/fr\/wp-json\/wp\/v2\/media?parent=751"}],"curies":[{"name":"wp","href":"https:\/\/api.w.org\/{rel}","templated":true}]}}